{"id":75,"date":"2024-03-23T08:05:14","date_gmt":"2024-03-23T08:05:14","guid":{"rendered":"https:\/\/noclegitarnow.pl\/?page_id=75"},"modified":"2026-02-14T22:16:50","modified_gmt":"2026-02-14T22:16:50","slug":"cennik","status":"publish","type":"page","link":"https:\/\/noclegitarnow.pl\/?page_id=75","title":{"rendered":"Cennik"},"content":{"rendered":"\n<figure class=\"wp-block-table\"><table><tbody><tr><td>Pok\u00f3j<\/td><td>Cena<\/td><\/tr><tr><td>1-osobowy<\/td><td>od 90 z\u0142<\/td><\/tr><tr><td>2-osobowy<\/td><td>od 120 z\u0142<\/td><\/tr><tr><td>3-osobowy<\/td><td>od 180 z\u0142<\/td><\/tr><tr><td>4-osobowy<\/td><td>od 200 z\u0142<\/td><\/tr><\/tbody><\/table><\/figure>\n\n\n\n<p>Podana cena za dob\u0119\/osob\u0119. Przy d\u0142u\u017cszych pobytach oraz wi\u0119kszej ilo\u015bci os\u00f3b ceny podlegaj\u0105 negocjacji<\/p>\n","protected":false},"excerpt":{"rendered":"<p>Pok\u00f3j Cena 1-osobowy od 90 z\u0142 2-osobowy od 120 z\u0142 3-osobowy od 180 z\u0142 4-osobowy od 200 z\u0142 Podana cena za dob\u0119\/osob\u0119. Przy d\u0142u\u017cszych pobytach oraz wi\u0119kszej ilo\u015bci os\u00f3b ceny podlegaj\u0105 negocjacji<\/p>\n","protected":false},"author":1,"featured_media":0,"parent":0,"menu_order":0,"comment_status":"closed","ping_status":"closed","template":"","meta":{"om_disable_all_campaigns":false,"_monsterinsights_skip_tracking":false,"_monsterinsights_sitenote_active":false,"_monsterinsights_sitenote_note":"","_monsterinsights_sitenote_category":0,"_uf_show_specific_survey":0,"_uf_disable_surveys":false,"footnotes":""},"aioseo_notices":[],"_links":{"self":[{"href":"https:\/\/noclegitarnow.pl\/index.php?rest_route=\/wp\/v2\/pages\/75"}],"collection":[{"href":"https:\/\/noclegitarnow.pl\/index.php?rest_route=\/wp\/v2\/pages"}],"about":[{"href":"https:\/\/noclegitarnow.pl\/index.php?rest_route=\/wp\/v2\/types\/page"}],"author":[{"embeddable":true,"href":"https:\/\/noclegitarnow.pl\/index.php?rest_route=\/wp\/v2\/users\/1"}],"replies":[{"embeddable":true,"href":"https:\/\/noclegitarnow.pl\/index.php?rest_route=%2Fwp%2Fv2%2Fcomments&post=75"}],"version-history":[{"count":4,"href":"https:\/\/noclegitarnow.pl\/index.php?rest_route=\/wp\/v2\/pages\/75\/revisions"}],"predecessor-version":[{"id":108,"href":"https:\/\/noclegitarnow.pl\/index.php?rest_route=\/wp\/v2\/pages\/75\/revisions\/108"}],"wp:attachment":[{"href":"https:\/\/noclegitarnow.pl\/index.php?rest_route=%2Fwp%2Fv2%2Fmedia&parent=75"}],"curies":[{"name":"wp","href":"https:\/\/api.w.org\/{rel}","templated":true}]}}