{"id":3,"date":"2024-03-23T07:13:40","date_gmt":"2024-03-23T07:13:40","guid":{"rendered":"https:\/\/noclegitarnow.pl\/?page_id=3"},"modified":"2024-03-25T21:10:21","modified_gmt":"2024-03-25T21:10:21","slug":"privacy-policy","status":"publish","type":"page","link":"https:\/\/noclegitarnow.pl\/?page_id=3","title":{"rendered":"RODO\/Cookies"},"content":{"rendered":"\n<h3 class=\"wp-block-heading\">RODO<\/h3>\n\n\n\n<h1 class=\"wp-block-heading\">Klauzula informacyjna RODO w zakresie przetwarzania danych osobowych<\/h1>\n\n\n\n<p>1. Administratorem danych osobowych jest BJW-PLUS Jacek Wo\u017aniczka Boche\u0144skiego 22 33-100 Tarn\u00f3w 608-508-364 bjwplus@interia.pl<\/p>\n\n\n\n<p>2. Administrator wyznaczy\u0142 inspektora ochrony danych osobowych. Dane kontaktowe inspektora: Jacek Wo\u017aniczka Boche\u0144skiego 22 33-100 Tarn\u00f3w<\/p>\n\n\n\n<p>3. Przekazane dane osobowe przetwarzane b\u0119d\u0105 w celu realizacji us\u0142ug, obs\u0142ugi zg\u0142osze\u0144 i udzielania odpowiedzi na zg\u0142oszenia;<\/p>\n\n\n\n<p>4. Kategorie danych osobowych obejmuj\u0105 m.in. imi\u0119 i nazwisko, numer telefonu, adres e-mail, adres, dane dedykowane do procesu\/us\u0142ugi\/projektu;<\/p>\n\n\n\n<p>5. Pani \/ Pana dane osobowe mog\u0105 by\u0107 przekazywane podmiotom przetwarzaj\u0105cym dane osobowe na zlecenie administratora: dostawcy us\u0142ug IT; hostinger, google.com<\/p>\n\n\n\n<p>6. Pa\u0144stwa dane osobowe b\u0119d\u0105 przechowywane przez okres istnienia prawnie uzasadnionego interesu administratora, chyba \u017ce Pani \/ Pan wyrazi sprzeciw wobec przetwarzania danych;<\/p>\n\n\n\n<p>7. Pa\u0144stwa dane nie b\u0119d\u0105 przekazywane do pa\u0144stwa trzeciego ani organizacji mi\u0119dzynarodowej;<\/p>\n\n\n\n<p>8. Posiadaj\u0105 Pa\u0144stwo prawo dost\u0119pu do tre\u015bci swoich danych oraz prawo ich sprostowania, usuni\u0119cia, ograniczenia przetwarzania, prawo do przenoszenia danych, prawo wniesienia sprzeciwu, prawo do cofni\u0119cia zgody w dowolnym momencie bez wp\u0142ywu na zgodno\u015b\u0107 z prawem przetwarzania, kt\u00f3rego dokonano na podstawie zgody przed jej cofni\u0119ciem;<\/p>\n\n\n\n<p>9. Maj\u0105 Pa\u0144stwo prawo wniesienia skargi do organu nadzorczego zajmuj\u0105cego si\u0119 ochron\u0105 danych osobowych, kt\u00f3rym jest Prezes Urz\u0119du Ochrony Danych Osobowych, gdy uznaj\u0105 Pa\u0144stwo, i\u017c przetwarzanie Pa\u0144stwa danych osobowych narusza przepisy ustawy z dnia 10 maja 2018 r. o ochronie danych osobowych (tekst jednolity Dz. U. z 2018 r., poz. 1000) lub przepisy Rozporz\u0105dzenia Parlamentu Europejskiego i Rady (UE) 2016\/679 z dnia 27 kwietnia 2016 r. w sprawie ochrony os\u00f3b fizycznych w zwi\u0105zku z przetwarzaniem danych osobowych i w sprawie swobodnego przep\u0142ywu takich danych oraz uchylenia dyrektywy 95\/46\/WE (og\u00f3lne rozporz\u0105dzenie o ochronie danych) z dnia 27 kwietnia 2016 r. (Dz.Urz.UE.L Nr 119, str. 1);<\/p>\n\n\n\n<p>10. Dane udost\u0119pnione przez Pani\u0105\/Pana nie b\u0119d\u0105 podlega\u0142y zautomatyzowanemu podejmowaniu decyzji oraz profilowaniu;<\/p>\n\n\n\n<p>11. Dane pochodz\u0105 od os\u00f3b, kt\u00f3rych dane dotycz\u0105;<\/p>\n\n\n\n<p>12. Podanie przez Pa\u0144stwa danych osobowych jest dobrowolne;<\/p>\n\n\n\n<p>13. Operator stosuje analiz\u0119 statystyczn\u0105 ruchu na\u00a0stronie, poprzez Google Analytics (Google Inc. z\u00a0siedzib\u0105 w\u00a0USA). Operator nie\u00a0przekazuje do\u00a0operatora tej\u00a0us\u0142ugi danych osobowych, a\u00a0jedynie zanonimizowane informacje. Us\u0142uga bazuje na\u00a0wykorzystaniu ciasteczek w\u00a0urz\u0105dzeniu ko\u0144cowym u\u017cytkownika. W\u00a0zakresie informacji o\u00a0preferencjach u\u017cytkownika gromadzonych przez\u00a0sie\u0107 reklamow\u0105 Google u\u017cytkownik mo\u017ce przegl\u0105da\u0107 i\u00a0edytowa\u0107 informacje wynikaj\u0105ce z\u00a0plik\u00f3w cookies przy pomocy narz\u0119dzia: https:\/\/www.google.com\/ads\/preferences\/<\/p>\n","protected":false},"excerpt":{"rendered":"<p>RODO Klauzula informacyjna RODO w zakresie przetwarzania danych osobowych 1. Administratorem danych osobowych jest BJW-PLUS Jacek Wo\u017aniczka Boche\u0144skiego 22 33-100 Tarn\u00f3w 608-508-364 bjwplus@interia.pl 2. Administrator wyznaczy\u0142 inspektora ochrony danych osobowych. Dane kontaktowe inspektora: Jacek Wo\u017aniczka Boche\u0144skiego 22 33-100 Tarn\u00f3w 3. Przekazane dane osobowe przetwarzane b\u0119d\u0105 w celu realizacji us\u0142ug, obs\u0142ugi zg\u0142osze\u0144 i udzielania odpowiedzi na [&hellip;]<\/p>\n","protected":false},"author":1,"featured_media":0,"parent":0,"menu_order":0,"comment_status":"closed","ping_status":"open","template":"","meta":{"om_disable_all_campaigns":false,"_monsterinsights_skip_tracking":false,"_monsterinsights_sitenote_active":false,"_monsterinsights_sitenote_note":"","_monsterinsights_sitenote_category":0,"_uf_show_specific_survey":0,"_uf_disable_surveys":false,"footnotes":""},"aioseo_notices":[],"_links":{"self":[{"href":"https:\/\/noclegitarnow.pl\/index.php?rest_route=\/wp\/v2\/pages\/3"}],"collection":[{"href":"https:\/\/noclegitarnow.pl\/index.php?rest_route=\/wp\/v2\/pages"}],"about":[{"href":"https:\/\/noclegitarnow.pl\/index.php?rest_route=\/wp\/v2\/types\/page"}],"author":[{"embeddable":true,"href":"https:\/\/noclegitarnow.pl\/index.php?rest_route=\/wp\/v2\/users\/1"}],"replies":[{"embeddable":true,"href":"https:\/\/noclegitarnow.pl\/index.php?rest_route=%2Fwp%2Fv2%2Fcomments&post=3"}],"version-history":[{"count":1,"href":"https:\/\/noclegitarnow.pl\/index.php?rest_route=\/wp\/v2\/pages\/3\/revisions"}],"predecessor-version":[{"id":102,"href":"https:\/\/noclegitarnow.pl\/index.php?rest_route=\/wp\/v2\/pages\/3\/revisions\/102"}],"wp:attachment":[{"href":"https:\/\/noclegitarnow.pl\/index.php?rest_route=%2Fwp%2Fv2%2Fmedia&parent=3"}],"curies":[{"name":"wp","href":"https:\/\/api.w.org\/{rel}","templated":true}]}}