{"id":21,"date":"2024-03-23T07:52:39","date_gmt":"2024-03-23T07:52:39","guid":{"rendered":"https:\/\/noclegitarnow.pl\/?page_id=21"},"modified":"2024-03-25T20:17:38","modified_gmt":"2024-03-25T20:17:38","slug":"kontakt","status":"publish","type":"page","link":"https:\/\/noclegitarnow.pl\/?page_id=21","title":{"rendered":"Kontakt"},"content":{"rendered":"\n<div class=\"wp-block-group has-global-padding is-layout-constrained wp-block-group-is-layout-constrained\">\n<p class=\"has-text-align-left\">Noclegi Tarn\u00f3w znajduj\u0105 sie na ulicy:<br>ul. Ojca J.M. Boche\u0144skiego 22<br>33-100 Tarn\u00f3w<br>Telefon kontaktowy: +48-608-508-364<br>Adres email: bjwplus@interia.pl<\/p>\n\n\n\n<iframe src=\"https:\/\/www.google.com\/maps\/embed?pb=!1m18!1m12!1m3!1d2563.973771330951!2d20.957908976830268!3d50.01184681884672!2m3!1f0!2f0!3f0!3m2!1i1024!2i768!4f13.1!3m3!1m2!1s0x473d84a215589f3d%3A0xa653485790389b5c!2sWilla%20Strusi%C5%84ska%20Noclegi%20Tarn%C3%B3w!5e0!3m2!1spl!2spl!4v1711179997503!5m2!1spl!2spl\" width=\"600\" height=\"450\" style=\"border:0;\" allowfullscreen=\"\" loading=\"lazy\" referrerpolicy=\"no-referrer-when-downgrade\"><\/iframe>\n<\/div>\n","protected":false},"excerpt":{"rendered":"<p>Noclegi Tarn\u00f3w znajduj\u0105 sie na ulicy:ul. Ojca J.M. Boche\u0144skiego 2233-100 Tarn\u00f3wTelefon kontaktowy: +48-608-508-364Adres email: bjwplus@interia.pl<\/p>\n","protected":false},"author":1,"featured_media":0,"parent":0,"menu_order":0,"comment_status":"closed","ping_status":"closed","template":"","meta":{"om_disable_all_campaigns":false,"_monsterinsights_skip_tracking":false,"_monsterinsights_sitenote_active":false,"_monsterinsights_sitenote_note":"","_monsterinsights_sitenote_category":0,"_uf_show_specific_survey":0,"_uf_disable_surveys":false,"footnotes":""},"aioseo_notices":[],"_links":{"self":[{"href":"https:\/\/noclegitarnow.pl\/index.php?rest_route=\/wp\/v2\/pages\/21"}],"collection":[{"href":"https:\/\/noclegitarnow.pl\/index.php?rest_route=\/wp\/v2\/pages"}],"about":[{"href":"https:\/\/noclegitarnow.pl\/index.php?rest_route=\/wp\/v2\/types\/page"}],"author":[{"embeddable":true,"href":"https:\/\/noclegitarnow.pl\/index.php?rest_route=\/wp\/v2\/users\/1"}],"replies":[{"embeddable":true,"href":"https:\/\/noclegitarnow.pl\/index.php?rest_route=%2Fwp%2Fv2%2Fcomments&post=21"}],"version-history":[{"count":2,"href":"https:\/\/noclegitarnow.pl\/index.php?rest_route=\/wp\/v2\/pages\/21\/revisions"}],"predecessor-version":[{"id":28,"href":"https:\/\/noclegitarnow.pl\/index.php?rest_route=\/wp\/v2\/pages\/21\/revisions\/28"}],"wp:attachment":[{"href":"https:\/\/noclegitarnow.pl\/index.php?rest_route=%2Fwp%2Fv2%2Fmedia&parent=21"}],"curies":[{"name":"wp","href":"https:\/\/api.w.org\/{rel}","templated":true}]}}